{"id":52,"date":"2020-05-04T15:02:02","date_gmt":"2020-05-04T13:02:02","guid":{"rendered":"https:\/\/ads-info.ocean.icm.edu.pl\/?page_id=52"},"modified":"2021-11-24T13:47:15","modified_gmt":"2021-11-24T12:47:15","slug":"podrecznik-archiwizacji-danych-spolecznych","status":"publish","type":"page","link":"https:\/\/pads.org.pl\/index.php\/podrecznik-archiwizacji-danych-spolecznych\/","title":{"rendered":"Podr\u0119cznik archiwizacji danych spo\u0142ecznych"},"content":{"rendered":"\n<p>Przed zdeponowaniem zbioru prosimy o zapoznanie si\u0119 z dokumentem <\/p>\n\n\n\n<p><a href=\"https:\/\/docs.google.com\/document\/d\/1AymJJIYOLrzjEYX-zVpw-Lu-QFecWxteoCJ16XUm-gs\/edit?usp=sharing\" data-type=\"URL\" data-id=\"https:\/\/docs.google.com\/document\/d\/1AymJJIYOLrzjEYX-zVpw-Lu-QFecWxteoCJ16XUm-gs\/edit?usp=sharing\">Elementy niezb\u0119dne do z\u0142o\u017cenia danych w PADS<\/a> <\/p>\n\n\n\n<p>Bogdan Cichomski, Tomasz Jerzy\u0144ski, Marcin Zieli\u0144ski<br>Zesp\u00f3\u0142 O\u015brodka Bada\u0144 Socjologicznych<br>Instytutu Studi\u00f3w Spo\u0142ecznych<br>Uniwersytetu Warszawskiego<\/p>\n\n\n\n<p>Wersja 1<\/p>\n\n\n\n<p><a href=\"https:\/\/pads.org.pl\/wp-content\/uploads\/2020\/05\/podrecznikADS.pdf\" target=\"_blank\" rel=\"noreferrer noopener\">Tekst podr\u0119cznika dost\u0119pny jest tak\u017ce w formacie dokumentu PDF<\/a><br><\/p>\n\n\n\n<h2 class=\"wp-block-heading\">Spis tre\u015bci<\/h2>\n\n\n\n<ol class=\"wp-block-list\"><li>Wst\u0119p<\/li><li>Korzy\u015bci archiwizacji danych<\/li><li>Znaczenie planowania zarz\u0105dzaniem danymi<br>3.1. Dokumentacja jako cz\u0119\u015b\u0107 planu projektu<br>3.2. Oprogramowanie<\/li><li>Kontrola poprawno\u015bci danych w zbiorze i jego sp\u00f3jno\u015bci<br>4.1. Kontrola b\u0142\u0119d\u00f3w w zbiorze<br>4.1.1. &#8220;Dzikie kody&#8221;<br>4.1.2. &#8220;Outliers&#8221;<br>4.2. Kontrola sp\u00f3jno\u015bci logicznej<br>4.2.1 Pytania filtruj\u0105ce<br>4.2.2 Instrukcje przed pytaniem<br>4.2.3 Daty i przedzia\u0142y czasu<br>4.3. Kontrola zbior\u00f3w o strukturach hierarchicznych<\/li><li>Przygotowanie dokumentacji techniczno-metodologicznej badania<br>5.1. Ksi\u0105\u017cka kod\u00f3w (codebook)<br>5.2. Rozk\u0142ady cz\u0119sto\u015bci (frequencies)<br>5.3. Statystyki opisowe (descriptive statistics)<\/li><li>Przygotowanie zbior\u00f3w do archiwizacji<br>6.1. Akceptowane formaty zbior\u00f3w danych<br>6.2. Techniczne aspekty zbior\u00f3w danych<br>6.2.1. S\u0142ownik definiuj\u0105cy dane (data definition statements)<br>6.2.2. Nazwy zmiennych (variable names)<br>6.2.3. Etykiety zmiennych (variable labels)<br>6.2.4. Warto\u015bci zmiennych (values)<br>6.2.5. Etykiety warto\u015bci (value labels)<br>6.2.6. Braki danych i kody specjalne (missing values)<br>6.2.6.1 Wyb\u00f3r kod\u00f3w specjalnych<\/li><li>Zarz\u0105dzanie danymi<\/li><li>Kopie zapasowe<\/li><li>Anonimizacja<\/li><li>Sumaryczne zestawienie wymaga\u0144 stawianych deponentom<br>10.1. Zbi\u00f3r danych<br>10.2. Dokumentacja<\/li><li>Przekazywanie danych do Archiwum<br>11.1 Informacje og\u00f3lne<br>11.2. Deponowanie danych zarchiwizowanych na p\u0142ycie CD<br>11.3. Przesy\u0142anie danych z wykorzystaniem protoko\u0142u FTP<br>11.3.1. Konfiguracja programu FTP do pracy z serwerem ADS<br>11.3.2. Logowanie si\u0119 na serwer ADS i upload zbior\u00f3w danych<br>Aneks A<br>Aneks B<\/li><\/ol>\n","protected":false},"excerpt":{"rendered":"<p>Przed zdeponowaniem zbioru prosimy o zapoznanie si\u0119 z dokumentem Elementy niezb\u0119dne do z\u0142o\u017cenia danych w PADS Bogdan Cichomski, Tomasz Jerzy\u0144ski, Marcin Zieli\u0144skiZesp\u00f3\u0142 O\u015brodka Bada\u0144 SocjologicznychInstytutu Studi\u00f3w Spo\u0142ecznychUniwersytetu Warszawskiego Wersja 1 Tekst podr\u0119cznika dost\u0119pny jest tak\u017ce w formacie dokumentu PDF Spis tre\u015bci Wst\u0119p Korzy\u015bci archiwizacji danych Znaczenie planowania zarz\u0105dzaniem danymi3.1. Dokumentacja jako cz\u0119\u015b\u0107 planu projektu3.2. Oprogramowanie\u2026 <span class=\"read-more\"><a href=\"https:\/\/pads.org.pl\/index.php\/podrecznik-archiwizacji-danych-spolecznych\/\">Dowiedz si\u0119 wi\u0119cej &raquo;<\/a><\/span><\/p>\n","protected":false},"author":3,"featured_media":0,"parent":0,"menu_order":0,"comment_status":"closed","ping_status":"closed","template":"","meta":{"footnotes":""},"class_list":["post-52","page","type-page","status-publish","hentry"],"_links":{"self":[{"href":"https:\/\/pads.org.pl\/index.php\/wp-json\/wp\/v2\/pages\/52"}],"collection":[{"href":"https:\/\/pads.org.pl\/index.php\/wp-json\/wp\/v2\/pages"}],"about":[{"href":"https:\/\/pads.org.pl\/index.php\/wp-json\/wp\/v2\/types\/page"}],"author":[{"embeddable":true,"href":"https:\/\/pads.org.pl\/index.php\/wp-json\/wp\/v2\/users\/3"}],"replies":[{"embeddable":true,"href":"https:\/\/pads.org.pl\/index.php\/wp-json\/wp\/v2\/comments?post=52"}],"version-history":[{"count":5,"href":"https:\/\/pads.org.pl\/index.php\/wp-json\/wp\/v2\/pages\/52\/revisions"}],"predecessor-version":[{"id":239,"href":"https:\/\/pads.org.pl\/index.php\/wp-json\/wp\/v2\/pages\/52\/revisions\/239"}],"wp:attachment":[{"href":"https:\/\/pads.org.pl\/index.php\/wp-json\/wp\/v2\/media?parent=52"}],"curies":[{"name":"wp","href":"https:\/\/api.w.org\/{rel}","templated":true}]}}