{"id":212,"date":"2021-08-20T16:47:42","date_gmt":"2021-08-20T14:47:42","guid":{"rendered":"https:\/\/pads.org.pl\/?page_id=212"},"modified":"2021-11-24T13:46:03","modified_gmt":"2021-11-24T12:46:03","slug":"dokumenty","status":"publish","type":"page","link":"https:\/\/pads.org.pl\/index.php\/dokumenty\/","title":{"rendered":"Dokumenty"},"content":{"rendered":"\n<p>Przed zdeponowaniem zbioru prosimy o zapoznanie si\u0119 z dokumentem <\/p>\n\n\n\n<p><a href=\"https:\/\/docs.google.com\/document\/d\/1AymJJIYOLrzjEYX-zVpw-Lu-QFecWxteoCJ16XUm-gs\/edit?usp=sharing\" data-type=\"URL\" data-id=\"https:\/\/docs.google.com\/document\/d\/1AymJJIYOLrzjEYX-zVpw-Lu-QFecWxteoCJ16XUm-gs\/edit?usp=sharing\">Elementy niezb\u0119dne do z\u0142o\u017cenia danych w PADS<\/a> <\/p>\n\n\n\n<p>Aby zas\u00f3b przyj\u0119to do PADS nale\u017cy wype\u0142ni\u0107 i odes\u0142a\u0107 nast\u0119puj\u0105ce dokumenty:<\/p>\n\n\n\n<ol class=\"wp-block-list\"><li>Formularz zgody na rozpowszechnianie.<br>Pobierz <a href=\"https:\/\/pads.org.pl\/wp-content\/uploads\/2021\/08\/PADSFORM02.doc\">PADSFORM02.docx<\/a><\/li><li>Dokument z opisem badania<br>Pobierz <a href=\"https:\/\/pads.org.pl\/wp-content\/uploads\/2021\/08\/Opis-badania.docx\">Opis badania.docx<\/a><\/li><\/ol>\n\n\n\n<p><\/p>\n","protected":false},"excerpt":{"rendered":"<p>Przed zdeponowaniem zbioru prosimy o zapoznanie si\u0119 z dokumentem Elementy niezb\u0119dne do z\u0142o\u017cenia danych w PADS Aby zas\u00f3b przyj\u0119to do PADS nale\u017cy wype\u0142ni\u0107 i odes\u0142a\u0107 nast\u0119puj\u0105ce dokumenty: Formularz zgody na rozpowszechnianie.Pobierz PADSFORM02.docx Dokument z opisem badaniaPobierz Opis badania.docx<\/p>\n","protected":false},"author":3,"featured_media":0,"parent":0,"menu_order":0,"comment_status":"closed","ping_status":"closed","template":"","meta":{"footnotes":""},"class_list":["post-212","page","type-page","status-publish","hentry"],"_links":{"self":[{"href":"https:\/\/pads.org.pl\/index.php\/wp-json\/wp\/v2\/pages\/212"}],"collection":[{"href":"https:\/\/pads.org.pl\/index.php\/wp-json\/wp\/v2\/pages"}],"about":[{"href":"https:\/\/pads.org.pl\/index.php\/wp-json\/wp\/v2\/types\/page"}],"author":[{"embeddable":true,"href":"https:\/\/pads.org.pl\/index.php\/wp-json\/wp\/v2\/users\/3"}],"replies":[{"embeddable":true,"href":"https:\/\/pads.org.pl\/index.php\/wp-json\/wp\/v2\/comments?post=212"}],"version-history":[{"count":7,"href":"https:\/\/pads.org.pl\/index.php\/wp-json\/wp\/v2\/pages\/212\/revisions"}],"predecessor-version":[{"id":238,"href":"https:\/\/pads.org.pl\/index.php\/wp-json\/wp\/v2\/pages\/212\/revisions\/238"}],"wp:attachment":[{"href":"https:\/\/pads.org.pl\/index.php\/wp-json\/wp\/v2\/media?parent=212"}],"curies":[{"name":"wp","href":"https:\/\/api.w.org\/{rel}","templated":true}]}}